{"id":5697,"date":"2023-07-24T19:26:23","date_gmt":"2023-07-24T22:26:23","guid":{"rendered":"https:\/\/todoelectrooutlet.com\/?post_type=product&#038;p=5697"},"modified":"2023-08-09T00:03:36","modified_gmt":"2023-08-09T03:03:36","slug":"caloventor-minisol","status":"publish","type":"product","link":"https:\/\/todoelectrooutlet.com\/index.php\/product\/caloventor-minisol\/","title":{"rendered":"Caloventor Minisol"},"content":{"rendered":"<p><strong>Especificaciones del producto<\/strong><\/p>\n<ul>\n<li>Temperatura Regulable.<\/li>\n<li>Motor silencioso.<\/li>\n<li>Ultraliviano.<\/li>\n<li>2 (dos) niveles de calefacci\u00f3n.<\/li>\n<li>Funci\u00f3n ventilaci\u00f3n.<\/li>\n<li>Manija de traslado.<\/li>\n<li>Indicador luminoso de funcionamiento.<\/li>\n<li>Protecci\u00f3n contra sobrecalentamiento.<\/li>\n<li>Potencia 1000 \/ 2000W.<\/li>\n<\/ul>\n","protected":false},"excerpt":{"rendered":"<p>Especificaciones del producto Temperatura Regulable. Motor silencioso. Ultraliviano. 2 (dos) niveles de calefacci\u00f3n. Funci\u00f3n ventilaci\u00f3n. Manija de traslado. Indicador luminoso de funcionamiento. Protecci\u00f3n contra sobrecalentamiento. Potencia 1000 \/ 2000W.<\/p>\n","protected":false},"featured_media":5815,"comment_status":"open","ping_status":"closed","template":"","meta":{"site-sidebar-layout":"default","site-content-layout":"default","ast-global-header-display":"","ast-banner-title-visibility":"","ast-main-header-display":"","ast-hfb-above-header-display":"","ast-hfb-below-header-display":"","ast-hfb-mobile-header-display":"","site-post-title":"","ast-breadcrumbs-content":"","ast-featured-img":"","footer-sml-layout":"","theme-transparent-header-meta":"default","adv-header-id-meta":"","stick-header-meta":"","header-above-stick-meta":"","header-main-stick-meta":"","header-below-stick-meta":""},"product_cat":[44,37],"product_tag":[],"_links":{"self":[{"href":"https:\/\/todoelectrooutlet.com\/index.php\/wp-json\/wp\/v2\/product\/5697"}],"collection":[{"href":"https:\/\/todoelectrooutlet.com\/index.php\/wp-json\/wp\/v2\/product"}],"about":[{"href":"https:\/\/todoelectrooutlet.com\/index.php\/wp-json\/wp\/v2\/types\/product"}],"replies":[{"embeddable":true,"href":"https:\/\/todoelectrooutlet.com\/index.php\/wp-json\/wp\/v2\/comments?post=5697"}],"wp:featuredmedia":[{"embeddable":true,"href":"https:\/\/todoelectrooutlet.com\/index.php\/wp-json\/wp\/v2\/media\/5815"}],"wp:attachment":[{"href":"https:\/\/todoelectrooutlet.com\/index.php\/wp-json\/wp\/v2\/media?parent=5697"}],"wp:term":[{"taxonomy":"product_cat","embeddable":true,"href":"https:\/\/todoelectrooutlet.com\/index.php\/wp-json\/wp\/v2\/product_cat?post=5697"},{"taxonomy":"product_tag","embeddable":true,"href":"https:\/\/todoelectrooutlet.com\/index.php\/wp-json\/wp\/v2\/product_tag?post=5697"}],"curies":[{"name":"wp","href":"https:\/\/api.w.org\/{rel}","templated":true}]}}