{"id":5779,"date":"2023-07-31T14:42:24","date_gmt":"2023-07-31T17:42:24","guid":{"rendered":"https:\/\/todoelectrooutlet.com\/?page_id=5779"},"modified":"2023-07-31T14:42:29","modified_gmt":"2023-07-31T17:42:29","slug":"pagos-seguros","status":"publish","type":"page","link":"https:\/\/todoelectrooutlet.com\/index.php\/pagos-seguros\/","title":{"rendered":"Pagos seguros"},"content":{"rendered":"\n<p>En nuestra tienda en l\u00ednea, la seguridad y comodidad de nuestros clientes son nuestra m\u00e1xima prioridad. Por eso, le garantizamos que todos sus pagos se realizan de forma segura y confiable.<\/p>\n\n\n\n<p>Ofrecemos diversas opciones de pago para que pueda elegir la que mejor se adapte a sus necesidades. Puede realizar sus compras con tarjetas de cr\u00e9dito y d\u00e9bito, lo que le brinda la flexibilidad de usar su m\u00e9todo de pago preferido. Adem\u00e1s, aceptamos pagos a trav\u00e9s de Mercado Pago, una plataforma confiable y reconocida que garantiza transacciones seguras y protegidas.<\/p>\n\n\n\n<p>Para brindarle a\u00fan m\u00e1s facilidades, le ofrecemos la posibilidad de pagar en diferentes cuotas sin intereses. De esta manera, puede disfrutar de sus productos favoritos sin preocuparse por cargos adicionales. Nuestra meta es hacer que su experiencia de compra sea lo m\u00e1s placentera posible, y ofrecer opciones de pago flexibles es parte de nuestro compromiso con su satisfacci\u00f3n.<\/p>\n\n\n\n<p>Nos aseguramos de utilizar tecnolog\u00eda de punta para proteger la informaci\u00f3n de sus pagos, utilizando conexiones seguras y encriptadas. De esta manera, puede tener la tranquilidad de que sus datos personales y financieros est\u00e1n protegidos en todo momento.<\/p>\n\n\n\n<p>Adem\u00e1s, nuestro equipo de atenci\u00f3n al cliente est\u00e1 siempre dispuesto a asistirlo en caso de que tenga alguna duda o necesite ayuda con su pago. Queremos que se sienta seguro y confiado al realizar sus compras con nosotros, y nuestro compromiso es brindarle un servicio excepcional en cada paso del proceso.<\/p>\n\n\n\n<p class=\"has-text-align-center\">En conclusi\u00f3n, en nuestra tienda en l\u00ednea, usted puede disfrutar de la conveniencia de diferentes opciones de pago, todas ellas completamente seguras. Pague con tarjetas de cr\u00e9dito, d\u00e9bito o a trav\u00e9s de Mercado Pago, y aproveche la opci\u00f3n de cuotas sin intereses para hacer sus compras de la manera que mejor le convenga. Su satisfacci\u00f3n es nuestro objetivo principal, y estamos encantados de ofrecerle una experiencia de compra segura, c\u00f3moda y libre de preocupaciones. \u00a1Gracias por elegirnos como su destino de compras preferido!<\/p>\n","protected":false},"excerpt":{"rendered":"<p>En nuestra tienda en l\u00ednea, la seguridad y comodidad de nuestros clientes son nuestra m\u00e1xima prioridad. Por eso, le garantizamos que todos sus pagos se realizan de forma segura y confiable. Ofrecemos diversas opciones de pago para que pueda elegir la que mejor se adapte a sus necesidades. Puede realizar sus compras con tarjetas de &hellip;<\/p>\n<p class=\"read-more\"> <a class=\"\" href=\"https:\/\/todoelectrooutlet.com\/index.php\/pagos-seguros\/\"> <span class=\"screen-reader-text\">Pagos seguros<\/span> Read More &raquo;<\/a><\/p>\n","protected":false},"author":1,"featured_media":0,"parent":0,"menu_order":0,"comment_status":"closed","ping_status":"closed","template":"","meta":{"site-sidebar-layout":"default","site-content-layout":"default","ast-global-header-display":"","ast-banner-title-visibility":"","ast-main-header-display":"","ast-hfb-above-header-display":"","ast-hfb-below-header-display":"","ast-hfb-mobile-header-display":"","site-post-title":"","ast-breadcrumbs-content":"","ast-featured-img":"","footer-sml-layout":"","theme-transparent-header-meta":"","adv-header-id-meta":"","stick-header-meta":"","header-above-stick-meta":"","header-main-stick-meta":"","header-below-stick-meta":""},"_links":{"self":[{"href":"https:\/\/todoelectrooutlet.com\/index.php\/wp-json\/wp\/v2\/pages\/5779"}],"collection":[{"href":"https:\/\/todoelectrooutlet.com\/index.php\/wp-json\/wp\/v2\/pages"}],"about":[{"href":"https:\/\/todoelectrooutlet.com\/index.php\/wp-json\/wp\/v2\/types\/page"}],"author":[{"embeddable":true,"href":"https:\/\/todoelectrooutlet.com\/index.php\/wp-json\/wp\/v2\/users\/1"}],"replies":[{"embeddable":true,"href":"https:\/\/todoelectrooutlet.com\/index.php\/wp-json\/wp\/v2\/comments?post=5779"}],"version-history":[{"count":1,"href":"https:\/\/todoelectrooutlet.com\/index.php\/wp-json\/wp\/v2\/pages\/5779\/revisions"}],"predecessor-version":[{"id":5780,"href":"https:\/\/todoelectrooutlet.com\/index.php\/wp-json\/wp\/v2\/pages\/5779\/revisions\/5780"}],"wp:attachment":[{"href":"https:\/\/todoelectrooutlet.com\/index.php\/wp-json\/wp\/v2\/media?parent=5779"}],"curies":[{"name":"wp","href":"https:\/\/api.w.org\/{rel}","templated":true}]}}